{"id":48,"date":"2017-11-01T18:09:55","date_gmt":"2017-11-01T17:09:55","guid":{"rendered":"http:\/\/www.emed.no\/?page_id=48"},"modified":"2025-05-27T11:05:02","modified_gmt":"2025-05-27T09:05:02","slug":"medisinsk-koding","status":"publish","type":"page","link":"https:\/\/www.emed.no\/index.php\/medisinsk-koding\/","title":{"rendered":"Medisinsk koding"},"content":{"rendered":"<h1>Medisinsk koding er avgj\u00f8rende for \u00e5 kunne drive god klinisk virksomhet og gj\u00f8re kvalitets forberedende arbeid.<\/h1>\n<p>Flere leger tror at koding er for \u00e5 kunne f\u00e5 refusjon fra HELFO.<br \/>\nMedisinsk koding gj\u00f8res av helt andre \u00e5rsaker.<\/p>\n<p><img loading=\"lazy\" decoding=\"async\" class=\"alignnone size-medium wp-image-58\" src=\"https:\/\/medicalrecord.doctor\/wp-content\/uploads\/2017\/10\/icd10-208x300.jpg\" alt=\"\" width=\"208\" height=\"300\"> <img loading=\"lazy\" decoding=\"async\" class=\"alignnone size-medium wp-image-59\" src=\"https:\/\/medicalrecord.doctor\/wp-content\/uploads\/2017\/10\/icpc2-200x300.jpg\" alt=\"\" width=\"200\" height=\"300\"> <img loading=\"lazy\" decoding=\"async\" class=\"alignnone size-medium wp-image-60\" src=\"https:\/\/medicalrecord.doctor\/wp-content\/uploads\/2017\/10\/snomed-300x132.jpg\" alt=\"\" width=\"300\" height=\"132\"><\/p>\n<h2>Koder som grunnlag<\/h2>\n<p>Medisinske koder brukes som grunnlag for \u00e5 beskrive hva helsesektoren behandler pasienter for. Dersom kvaliteten p\u00e5 kodingen ikke er god, medf\u00f8rer dette en feilaktig beskrivelse av aktiviteten helsevesenet utf\u00f8rer.<br \/>\nKodene kan brukes blant annet i statistikk over sykdomsforekomst (epidemiologi), d\u00f8ds\u00e5rsakstatistikk, i styring og planlegging av helsevesenet og finansiering av spesialisthelsetjenesten.<\/p>\n<p>Mangel p\u00e5 oppl\u00e6ring, ulik organisering av kodearbeidet og kontrollfunksjoner indikerer fortsatt behov for oppf\u00f8lging.<br \/>\nDirektorat for e-helse har siden&nbsp; <a href=\"https:\/\/ehelse.no\/standarder-kodeverk-og-referansekatalog\/helsefaglige-kodeverk\">Helsefaglige kodeverk<\/a> som er meget nyttig. med nyttig informasjon:<\/p>\n<ul>\n<li>\n<ul id=\"Show-Items\" class=\" 66315 \">\n<li>\n<h2>FinnKode &#8211; online s\u00f8keverkt\u00f8y<\/h2>\n<p><a class=\"link modifier-title\" title=\"FinnKode - online s\u00f8keverkt\u00f8y\" href=\"https:\/\/ehelse.no\/standarder-kodeverk-og-referansekatalog\/helsefaglige-kodeverk\/finnkode-online-sokeverktoy\" data-itemid=\"843\">FinnKode utgis av Direktoratet for e-helse og er et s\u00f8keverkt\u00f8y som inneholder oppdaterte kodeverk og synonymordlister\/s\u00f8keforslagslister for lettere s\u00f8k.<\/a><\/li>\n<li>\n<h2>Kodeveiledning ICD-10, NCSP, NCMP og NCRP<\/h2>\n<p><a class=\"link modifier-title\" title=\"Kodeveiledning ICD-10, NCSP, NCMP og NCRP\" href=\"https:\/\/ehelse.no\/standarder-kodeverk-og-referansekatalog\/helsefaglige-kodeverk\/kodeveiledning-icd-10-ncsp-ncmp-og-ncrp\" data-itemid=\"927\">Regelverk og veiledning for kliniske kodeverk i spesialisthelsetjenesten.<\/a><\/li>\n<li>\n<h2>E-l\u00e6ringskurs i medisinsk koding<\/h2>\n<\/li>\n<li>\n<h2>Kodeverket ICD-10 (og ICD-11)<\/h2>\n<p><a class=\"link modifier-title\" title=\"Kodeverket ICD-10 (og ICD-11)\" href=\"https:\/\/ehelse.no\/standarder-kodeverk-og-referansekatalog\/helsefaglige-kodeverk\/kodeverket-icd-10-og-icd-11\" data-itemid=\"847\">ICD-kodeverket er den internasjonale statistiske klassifikasjonen av sykdommer og beslektede helseproblemer. Kodeverket er et redskap for systematisk klassifisering og registrering av sykdommer og beslektede helseproblemer.<\/a><\/li>\n<li>\n<h2>ICPC-2. Den internasjonale klassifikasjonen for prim\u00e6rhelsetjenesten<\/h2>\n<p><a class=\"link modifier-title\" title=\"ICPC-2. Den internasjonale klassifikasjonen for prim\u00e6rhelsetjenesten\" href=\"https:\/\/ehelse.no\/standarder-kodeverk-og-referansekatalog\/helsefaglige-kodeverk\/icpc-2-den-internasjonale-klassifikasjonen-for-primerhelsetjenesten\" data-itemid=\"859\">Prim\u00e6rhelsetjenesten benytter ICPC-2 til dokumentasjon av kontakt\u00e5rsaker, helseproblemer og diagnoser.<\/a><\/li>\n<li>\n<h2>SNOMED CT<\/h2>\n<p><a class=\"link modifier-title\" title=\"SNOMED CT\" href=\"https:\/\/ehelse.no\/standarder-kodeverk-og-referansekatalog\/helsefaglige-kodeverk\/snomed-ct\" data-itemid=\"1377\">SNOMED CT er den mest omfattende standarden for klinisk terminologi p\u00e5 det internasjonale markedet i dag, og representerer et system av rundt 300.000 begreper.<\/a><\/li>\n<li>\n<h2>Laboratoriekodeverket<\/h2>\n<p><a class=\"link modifier-title\" title=\"Laboratoriekodeverket\" href=\"https:\/\/ehelse.no\/standarder-kodeverk-og-referansekatalog\/helsefaglige-kodeverk\/laboratoriekodeverket\" data-itemid=\"866\">Norsk laboratoriekodeverk er et nasjonalt kodeverk for laboratorieanalyser og unders\u00f8kelser.<\/a><\/li>\n<li>\n<h2>ATC &#8211; Anatomisk, terapeutisk kjemisk klassifikasjon av legemidler<\/h2>\n<p><a class=\"link modifier-title\" title=\"ATC - Anatomisk, terapeutisk kjemisk klassifikasjon av legemidler\" href=\"https:\/\/ehelse.no\/standarder-kodeverk-og-referansekatalog\/helsefaglige-kodeverk\/atc-anatomisk-terapeutisk-kjemisk-klassifikasjon-av-legemidler\" data-itemid=\"880\">Anatomisk, terapeutisk kjemisk klassifikasjon (ATC) er et helsefaglig kodeverk for legemidler.<\/a><\/li>\n<li>&nbsp;<\/li>\n<\/ul>\n<\/li>\n<\/ul>\n","protected":false},"excerpt":{"rendered":"<p>Medisinsk koding er avgj\u00f8rende for \u00e5 kunne drive god klinisk virksomhet og gj\u00f8re kvalitets forberedende arbeid. Flere leger tror at koding er for \u00e5 kunne f\u00e5 refusjon fra HELFO. Medisinsk koding gj\u00f8res av helt andre \u00e5rsaker. Koder som grunnlag Medisinske koder brukes som grunnlag for \u00e5 beskrive hva helsesektoren behandler pasienter for. Dersom kvaliteten p\u00e5 &hellip; <\/p>\n<p class=\"link-more\"><a href=\"https:\/\/www.emed.no\/index.php\/medisinsk-koding\/\" class=\"more-link\">Fortsett \u00e5 lese<span class=\"screen-reader-text\"> \u00abMedisinsk koding\u00bb<\/span><\/a><\/p>\n","protected":false},"author":1,"featured_media":0,"parent":0,"menu_order":0,"comment_status":"closed","ping_status":"closed","template":"","meta":{"footnotes":""},"class_list":["post-48","page","type-page","status-publish","hentry"],"_links":{"self":[{"href":"https:\/\/www.emed.no\/index.php\/wp-json\/wp\/v2\/pages\/48","targetHints":{"allow":["GET"]}}],"collection":[{"href":"https:\/\/www.emed.no\/index.php\/wp-json\/wp\/v2\/pages"}],"about":[{"href":"https:\/\/www.emed.no\/index.php\/wp-json\/wp\/v2\/types\/page"}],"author":[{"embeddable":true,"href":"https:\/\/www.emed.no\/index.php\/wp-json\/wp\/v2\/users\/1"}],"replies":[{"embeddable":true,"href":"https:\/\/www.emed.no\/index.php\/wp-json\/wp\/v2\/comments?post=48"}],"version-history":[{"count":2,"href":"https:\/\/www.emed.no\/index.php\/wp-json\/wp\/v2\/pages\/48\/revisions"}],"predecessor-version":[{"id":225,"href":"https:\/\/www.emed.no\/index.php\/wp-json\/wp\/v2\/pages\/48\/revisions\/225"}],"wp:attachment":[{"href":"https:\/\/www.emed.no\/index.php\/wp-json\/wp\/v2\/media?parent=48"}],"curies":[{"name":"wp","href":"https:\/\/api.w.org\/{rel}","templated":true}]}}